{"id":617,"date":"2019-01-21T23:01:23","date_gmt":"2019-01-21T23:01:23","guid":{"rendered":"http:\/\/weigand-lab.de\/?page_id=617"},"modified":"2023-07-03T14:08:11","modified_gmt":"2023-07-03T14:08:11","slug":"datenschutzerklarung","status":"publish","type":"page","link":"https:\/\/weigand-lab.de\/?page_id=617&lang=de","title":{"rendered":"Datenschutzerkl\u00e4rung"},"content":{"rendered":"\n<p> Diese Datenschutzerkl\u00e4rung dient zur Erf\u00fcllung der nach Artikel 13 EU DSGVO geforderten Informationspflicht bei Erhebung von Daten zum Zeitpunkt der Erhebung bei betroffenen Personen. Sie soll die Nutzer dieser Website \u00fcber die Art, den Umfang und den Zweck der Erhebung und Verwendung personenbezogener Daten durch den Websitebetreiber informieren. Wir nemmen Ihren Datenschutz sehr ernst und behandeln Ihre personenbezogenen Daten vertraulich und entsprechend der gesetzlichen Vorschriften.  <\/p>\n\n\n\n<h3 class=\"wp-block-heading\">Kontakt<\/h3>\n\n\n\n<p> Prof. Dr. Julia Weigand<br> RNA Biochemie \u2013 Philipps-Universit\u00e4t Marburg \u2013 Fachbereich Pharmazie<br> Marbacher Weg 6<br> Haus C, Raum 105<br> 35037 Marburg <\/p>\n\n\n\n<p> Telefon: 06421 28 25807<br> Fax: 06421 28 25854<br> E-Mail: julia.weigand[at]uni-marburg.de<\/p>\n\n\n\n<h3 class=\"wp-block-heading\">Umgang mit Kontaktdaten<\/h3>\n\n\n\n<p>Bei  der Kontaktaufnahme mit uns (z.B. per Kontaktformular, E-Mail oder Telefon) werden die Angaben des Nutzers zur Bearbeitung  der Kontaktanfrage und deren Abwicklung verarbeitet. E-Mails k\u00f6nnten von einem automatisierten Dienst zur Spam-Erkennung untersucht werden. <\/p>\n\n\n\n<h3 class=\"wp-block-heading\">Cookies<\/h3>\n\n\n\n<p>Cookies sind kleine Dateien, die auf Ihrem Endger\u00e4t gespeichert werden. Sie dienen der Benutzerfreundlichkeit von Websites. Sie k\u00f6nnen auf den Einsatz der Cookies  Einfluss nehmen. Die meisten Browser verf\u00fcgen \u00fcber eine Option, mit der das Speichern von Cookies eingeschr\u00e4nkt oder komplett verhindert werden  kann. Allerdings wird darauf hingewiesen, dass die Nutzung unserer Website ohne Cookies eingeschr\u00e4nkt sein kann.  <\/p>\n\n\n\n<p> Zur Nutzung des login-gesicherten Bereiches sind Cookies erforderlich. Sie dienen zur Feststellung der Zugangsberechtigung.  Bei der Anmeldung auf unserer Website, wird ein tempor\u00e4res Cookie gesetzt, um festzustellen, ob der verwendete Browser Cookies akzeptiert. Dieses Cookie enth\u00e4lt keine personenbezogenen Daten und wird verworfen, wenn der Browser geschlossen wird.<\/p>\n\n\n\n<p>Weiterhin werden bei einer Anmeldung Cookies eingerichtet, um die Anmeldeinformationen und Anzeigeoptionen zu speichern. Anmelde-Cookies verfallen nach zwei Tagen und Cookies f\u00fcr die Anzeigeoptionen nach einem Jahr. Falls die Option \u201eAngemeldet bleiben\u201c ausgew\u00e4hlt wird, wird die Anmeldung zwei Wochen lang aufrechterhalten. Mit der Abmeldung aus dem Konto werden die Anmelde-Cookies gel\u00f6scht.<\/p>\n\n\n\n<h3 class=\"wp-block-heading\">Umgang mit den Daten angemeldeter Nutzer<\/h3>\n\n\n\n<p>F\u00fcr Benutzer, die sich auf unserer Website registrieren, speichern wir die pers\u00f6nlichen Informationen, die sie in ihren Benutzerprofilen angeben. Alle Benutzer k\u00f6nnen jederzeit ihre pers\u00f6nlichen Informationen einsehen, ver\u00e4ndern oder l\u00f6schen (der Benutzername kann nicht ver\u00e4ndert werden). Ohne Ihre Einwilligung werden diese Daten nicht an Dritte weitergegeben. Administratoren der Website k\u00f6nnen diese Informationen ebenfalls einsehen und ver\u00e4ndern.<\/p>\n\n\n\n<p>Wer ein Konto auf dieser Website besitzt, kann einen Export seiner personenbezogenen Daten bei uns anfordern, inklusive aller Daten, uns mitgeteilt wurden. Dar\u00fcber hinaus kann die L\u00f6schung aller personenbezogenen Daten, die wir gespeichert haben, angefordert werden.<\/p>\n","protected":false},"excerpt":{"rendered":"<p>Diese Datenschutzerkl\u00e4rung dient zur Erf\u00fcllung der nach Artikel 13 EU DSGVO geforderten Informationspflicht bei Erhebung von Daten zum Zeitpunkt der Erhebung bei betroffenen Personen. Sie soll die Nutzer dieser Website \u00fcber die Art, den Umfang und den Zweck der Erhebung und Verwendung personenbezogener Daten durch den Websitebetreiber informieren. Wir nemmen Ihren Datenschutz sehr ernst und&hellip; <br \/> <a class=\"read-more\" href=\"https:\/\/weigand-lab.de\/?page_id=617&#038;lang=de\">Weiterlesen<\/a><\/p>\n","protected":false},"author":1,"featured_media":0,"parent":0,"menu_order":0,"comment_status":"closed","ping_status":"closed","template":"","meta":{"footnotes":""},"class_list":["post-617","page","type-page","status-publish","hentry"],"_links":{"self":[{"href":"https:\/\/weigand-lab.de\/index.php?rest_route=\/wp\/v2\/pages\/617","targetHints":{"allow":["GET"]}}],"collection":[{"href":"https:\/\/weigand-lab.de\/index.php?rest_route=\/wp\/v2\/pages"}],"about":[{"href":"https:\/\/weigand-lab.de\/index.php?rest_route=\/wp\/v2\/types\/page"}],"author":[{"embeddable":true,"href":"https:\/\/weigand-lab.de\/index.php?rest_route=\/wp\/v2\/users\/1"}],"replies":[{"embeddable":true,"href":"https:\/\/weigand-lab.de\/index.php?rest_route=%2Fwp%2Fv2%2Fcomments&post=617"}],"version-history":[{"count":14,"href":"https:\/\/weigand-lab.de\/index.php?rest_route=\/wp\/v2\/pages\/617\/revisions"}],"predecessor-version":[{"id":2158,"href":"https:\/\/weigand-lab.de\/index.php?rest_route=\/wp\/v2\/pages\/617\/revisions\/2158"}],"wp:attachment":[{"href":"https:\/\/weigand-lab.de\/index.php?rest_route=%2Fwp%2Fv2%2Fmedia&parent=617"}],"curies":[{"name":"wp","href":"https:\/\/api.w.org\/{rel}","templated":true}]}}